{"id":2919,"date":"2019-06-06T14:39:07","date_gmt":"2019-06-06T14:39:07","guid":{"rendered":"https:\/\/polite-tax.flywheelsites.com\/programs\/ca-en-dc\/"},"modified":"2021-03-05T10:05:55","modified_gmt":"2021-03-05T17:05:55","slug":"ca-en-dc","status":"publish","type":"page","link":"https:\/\/seaif.org\/es\/programas\/ca-en-dc\/","title":{"rendered":"CA en DC"},"content":{"rendered":"<p>[et_pb_section fb_built=\u00bb1&#8243; fullwidth=\u00bbon\u00bb module_id=\u00bbCA-banner\u00bb module_class=\u00bbmain-slider left-title\u00bb _builder_version=\u00bb3.22.7&#8243; top_divider_style=\u00bbcurve\u00bb top_divider_color=\u00bb#ffffff\u00bb top_divider_flip=\u00bbvertical\u00bb][et_pb_fullwidth_slider _builder_version=\u00bb3.25.3&#8243;][et_pb_slide heading=\u00bbCentroam\u00e9rica en Washington, DC\u00bb _builder_version=\u00bb3.25.3&#8243; background_color=\u00bb#ffffff\u00bb background_image=\u00bbhttps:\/\/seaif.org\/wp-content\/uploads\/2019\/07\/CA-in-DC-1.jpg\u00bb sticky_transition=\u00bbon\u00bb][\/et_pb_slide][et_pb_slide heading=\u00bbCentroam\u00e9rica en Washington, DC\u00bb _builder_version=\u00bb3.25.3&#8243; background_color=\u00bb#ffffff\u00bb background_image=\u00bbhttps:\/\/seaif.org\/wp-content\/uploads\/2019\/07\/CA-in-DC-page-2.jpg\u00bb sticky_transition=\u00bbon\u00bb][\/et_pb_slide][et_pb_slide heading=\u00bbCentroam\u00e9rica en Washington, DC\u00bb _builder_version=\u00bb3.25.3&#8243; background_color=\u00bb#ffffff\u00bb background_image=\u00bbhttps:\/\/seaif.org\/wp-content\/uploads\/2019\/07\/CA-in-DC-page-3.jpg\u00bb sticky_transition=\u00bbon\u00bb][\/et_pb_slide][et_pb_slide heading=\u00bbCentroam\u00e9rica en Washington, DC\u00bb _builder_version=\u00bb3.22.7&#8243; background_color=\u00bb#ffffff\u00bb background_image=\u00bbhttps:\/\/seaif.org\/wp-content\/uploads\/2019\/05\/CA-in-DC-page-4.jpg\u00bb sticky_transition=\u00bbon\u00bb][\/et_pb_slide][et_pb_slide heading=\u00bbCentroam\u00e9rica en Washington, DC\u00bb _builder_version=\u00bb3.22.7&#8243; background_color=\u00bb#ffffff\u00bb background_image=\u00bbhttps:\/\/seaif.org\/wp-content\/uploads\/2019\/05\/CA-in-DC-page-5.jpg\u00bb sticky_transition=\u00bbon\u00bb][\/et_pb_slide][\/et_pb_fullwidth_slider][\/et_pb_section][et_pb_section fb_built=\u00bb1&#8243; _builder_version=\u00bb3.22.3&#8243;][et_pb_row column_structure=\u00bb2_5,3_5&#8243; make_equal=\u00bbon\u00bb _builder_version=\u00bb4.4.7&#8243;][et_pb_column type=\u00bb2_5&#8243; _builder_version=\u00bb4.4.7&#8243; custom_padding=\u00bb|||\u00bb custom_css_main_element=\u00bbmargin: auto;\u00bb custom_padding__hover=\u00bb|||\u00bb][et_pb_image src=\u00bbhttps:\/\/seaif.org\/wp-content\/uploads\/2020\/08\/CA-in-DC-oficial-png.png\u00bb title_text=\u00bbCA in DC oficial png\u00bb _builder_version=\u00bb4.4.7&#8243;][\/et_pb_image][\/et_pb_column][et_pb_column type=\u00bb3_5&#8243; _builder_version=\u00bb4.4.7&#8243; custom_padding=\u00bb|||\u00bb custom_css_main_element=\u00bbmargin: auto;\u00bb custom_padding__hover=\u00bb|||\u00bb][et_pb_text _builder_version=\u00bb3.27.4&#8243; custom_margin=\u00bb15px|||||\u00bb]<span style=\"font-weight: 400;\">Centroam\u00e9rica en Washington, DC (CA en DC) es una iniciativa creada en 2018 para promover los problemas prioritarios de SIF en la pol\u00edtica de Estados Unidos y para conectar a nuestros socios centroamericanos con la discusi\u00f3n de la pol\u00edtica de ese pa\u00eds. \u00a0<\/span><\/p>\n<p><span style=\"font-weight: 400;\">La iniciativa proporciona an\u00e1lisis estrat\u00e9gicos, investigaciones y recomendaciones de pol\u00edticas que promuevan la justicia, el estado de derecho, la equidad, la democracia y la prosperidad en la regi\u00f3n.<\/span>[\/et_pb_text][\/et_pb_column][\/et_pb_row][\/et_pb_section][et_pb_section fb_built=\u00bb1&#8243; module_id=\u00bbprimary\u00bb module_class=\u00bbsection-light-gray \u00bb _builder_version=\u00bb3.22.3&#8243;][et_pb_row _builder_version=\u00bb3.25&#8243;][et_pb_column type=\u00bb4_4&#8243; _builder_version=\u00bb3.25&#8243; custom_padding=\u00bb|||\u00bb custom_padding__hover=\u00bb|||\u00bb][et_pb_text module_class=\u00bbhdashes\u00bb _builder_version=\u00bb3.27.4&#8243;]<\/p>\n<h2 style=\"text-align: center;\">Objetivos principales<\/h2>\n<p>[\/et_pb_text][\/et_pb_column][\/et_pb_row][et_pb_row column_structure=\u00bb1_5,3_5,1_5&#8243; _builder_version=\u00bb3.25&#8243;][et_pb_column type=\u00bb1_5&#8243; _builder_version=\u00bb3.25&#8243; custom_padding=\u00bb|||\u00bb custom_padding__hover=\u00bb|||\u00bb][\/et_pb_column][et_pb_column type=\u00bb3_5&#8243; _builder_version=\u00bb3.25&#8243; custom_padding=\u00bb|||\u00bb custom_padding__hover=\u00bb|||\u00bb][et_pb_text module_class=\u00bbbox-shadow column-padding\u00bb _builder_version=\u00bb3.27.4&#8243; background_color=\u00bb#ffffff\u00bb]<\/p>\n<p style=\"text-align: center;\">Promover en la pol\u00edtica de Estados Unidos las cuatro \u00e1reas prioritarias de SIF.<\/p>\n<p>[\/et_pb_text][et_pb_text module_class=\u00bbbox-shadow column-padding\u00bb _builder_version=\u00bb3.27.4&#8243; background_color=\u00bb#ffffff\u00bb]<\/p>\n<p style=\"text-align: center;\">Compartir informaci\u00f3n con los formuladores de pol\u00edticas estadounidenses, de todo el espectro pol\u00edtico, sobre las realidades de Centroam\u00e9rica en las cuatro \u00e1reas prioritarias de la fundaci\u00f3n.<\/p>\n<p>[\/et_pb_text][et_pb_text module_class=\u00bbbox-shadow column-padding\u00bb _builder_version=\u00bb3.27.4&#8243; background_color=\u00bb#ffffff\u00bb]<\/p>\n<p style=\"text-align: center;\">Facilitar y fortalecer las voces de los socios centroamericanos de la fundaci\u00f3n en las discusiones sobre las pol\u00edticas de Estados Unidos.<\/p>\n<p>[\/et_pb_text][\/et_pb_column][et_pb_column type=\u00bb1_5&#8243; _builder_version=\u00bb3.25&#8243; custom_padding=\u00bb|||\u00bb custom_padding__hover=\u00bb|||\u00bb][\/et_pb_column][\/et_pb_row][\/et_pb_section][et_pb_section fb_built=\u00bb1&#8243; module_id=\u00bbtheme\u00bb module_class=\u00bbsection\u00bb _builder_version=\u00bb3.23.3&#8243;][et_pb_row _builder_version=\u00bb3.25&#8243;][et_pb_column type=\u00bb4_4&#8243; _builder_version=\u00bb3.25&#8243; custom_padding=\u00bb|||\u00bb custom_padding__hover=\u00bb|||\u00bb][et_pb_text module_class=\u00bbhdashes\u00bb _builder_version=\u00bb3.27.4&#8243;]<\/p>\n<h2 style=\"text-align: center;\">Prioridades de SIF<\/h2>\n<p>[\/et_pb_text][\/et_pb_column][\/et_pb_row][et_pb_row column_structure=\u00bb1_2,1_2&#8243; make_equal=\u00bbon\u00bb _builder_version=\u00bb3.25&#8243; custom_padding=\u00bb|||\u00bb][et_pb_column type=\u00bb1_2&#8243; module_class=\u00bbno-shadow\u00bb _builder_version=\u00bb3.25&#8243; custom_padding=\u00bb|||3em\u00bb custom_css_main_element=\u00bbmargin: auto;\u00bb custom_padding__hover=\u00bb|||\u00bb][et_pb_image src=\u00bbhttps:\/\/seaif.org\/wp-content\/uploads\/2019\/06\/caindc1.png\u00bb _builder_version=\u00bb3.23.3&#8243; custom_margin=\u00bb22px||28px|||\u00bb][\/et_pb_image][\/et_pb_column][et_pb_column type=\u00bb1_2&#8243; module_class=\u00bbbox-shadow\u00bb _builder_version=\u00bb3.25&#8243; background_color=\u00bb#ffffff\u00bb custom_padding=\u00bb|||\u00bb custom_css_main_element=\u00bbmargin: auto;\u00bb custom_padding__hover=\u00bb|||\u00bb][et_pb_image src=\u00bbhttps:\/\/seaif.org\/wp-content\/uploads\/2019\/07\/community.png\u00bb align=\u00bbcenter\u00bb align_tablet=\u00bbcenter\u00bb align_phone=\u00bb\u00bb align_last_edited=\u00bbon|desktop\u00bb _builder_version=\u00bb3.25.3&#8243;][\/et_pb_image][et_pb_text _builder_version=\u00bb3.27.4&#8243;]<\/p>\n<h4 style=\"text-align: center;\">Estado de derecho<\/h4>\n<p>[\/et_pb_text][et_pb_text _builder_version=\u00bb3.27.4&#8243;]<\/p>\n<p>Apoyo a los esfuerzos anticorrupci\u00f3n en Guatemala, El Salvador y Honduras<br \/>Priorizar la gobernabilidad democr\u00e1tica, el estado de derecho y fortalecer los esfuerzos anticorrupci\u00f3n en la pol\u00edtica de Estados Unidos.<br \/>Promover una mayor participaci\u00f3n del sector privado en los esfuerzos contra la corrupci\u00f3n y el estado de derecho.<\/p>\n<p>[\/et_pb_text][\/et_pb_column][\/et_pb_row][et_pb_row column_structure=\u00bb1_2,1_2&#8243; make_equal=\u00bbon\u00bb padding_top_bottom_link_1=\u00bbfalse\u00bb _builder_version=\u00bb3.25&#8243;][et_pb_column type=\u00bb1_2&#8243; module_class=\u00bbbox-shadow\u00bb _builder_version=\u00bb3.25&#8243; custom_padding=\u00bb|||3em\u00bb custom_css_main_element=\u00bbmargin: auto;\u00bb custom_padding__hover=\u00bb|||\u00bb][et_pb_image src=\u00bbhttps:\/\/seaif.org\/wp-content\/uploads\/2019\/07\/refugee.png\u00bb align=\u00bbcenter\u00bb align_tablet=\u00bbcenter\u00bb align_phone=\u00bb\u00bb align_last_edited=\u00bbon|desktop\u00bb _builder_version=\u00bb3.25.3&#8243;][\/et_pb_image][et_pb_text _builder_version=\u00bb3.27.4&#8243;]<\/p>\n<h4 style=\"text-align: center;\">Mitigar la migraci\u00f3n y el desplazamiento<\/h4>\n<p>[\/et_pb_text][et_pb_text _builder_version=\u00bb3.27.4&#8243;]<\/p>\n<p>Apoyar los esfuerzos para mantener el TPS para salvadore\u00f1os y hondure\u00f1os.<br \/>Asegurar que las pol\u00edticas y asistencia de Estados Unidos aborden las causas de la migraci\u00f3n, especialmente la reducci\u00f3n de la violencia y la prevenci\u00f3n del delito.<br \/>Resaltar los problemas del desplazamiento forzado en Centroam\u00e9rica.<br \/>Alentar a los gobiernos centroamericanos a aceptar la responsabilidad y tomar medidas para abordar las causas de la migraci\u00f3n.<\/p>\n<p>[\/et_pb_text][\/et_pb_column][et_pb_column type=\u00bb1_2&#8243; _builder_version=\u00bb3.25&#8243; background_color=\u00bb#ffffff\u00bb custom_padding=\u00bb|||\u00bb custom_css_main_element=\u00bbmargin: auto;\u00bb custom_padding__hover=\u00bb|||\u00bb][et_pb_image src=\u00bbhttps:\/\/seaif.org\/wp-content\/uploads\/2019\/06\/caindc2.3.png\u00bb _builder_version=\u00bb3.23.3&#8243; custom_margin=\u00bb-7px||-6px|||\u00bb custom_padding=\u00bb|31px||||\u00bb][\/et_pb_image][\/et_pb_column][\/et_pb_row][et_pb_row column_structure=\u00bb1_2,1_2&#8243; make_equal=\u00bbon\u00bb padding_top_bottom_link_1=\u00bbfalse\u00bb _builder_version=\u00bb3.25&#8243;][et_pb_column type=\u00bb1_2&#8243; module_class=\u00bbno-shadow\u00bb _builder_version=\u00bb3.25&#8243; custom_padding=\u00bb|||3em\u00bb custom_css_main_element=\u00bbmargin: auto;\u00bb custom_padding__hover=\u00bb|||\u00bb][et_pb_image src=\u00bbhttps:\/\/seaif.org\/wp-content\/uploads\/2019\/06\/caindc3.png\u00bb _builder_version=\u00bb3.23.3&#8243; custom_margin=\u00bb37px||55px|||\u00bb custom_padding=\u00bb0px|||||\u00bb][\/et_pb_image][\/et_pb_column][et_pb_column type=\u00bb1_2&#8243; module_class=\u00bbbox-shadow\u00bb _builder_version=\u00bb3.25&#8243; background_color=\u00bb#ffffff\u00bb custom_padding=\u00bb|||\u00bb custom_css_main_element=\u00bbmargin: auto;\u00bb custom_padding__hover=\u00bb|||\u00bb][et_pb_image src=\u00bbhttps:\/\/seaif.org\/wp-content\/uploads\/2019\/07\/support.png\u00bb align=\u00bbcenter\u00bb align_tablet=\u00bbcenter\u00bb align_phone=\u00bb\u00bb align_last_edited=\u00bbon|desktop\u00bb _builder_version=\u00bb3.25.3&#8243;][\/et_pb_image][et_pb_text _builder_version=\u00bb3.27.4&#8243;]<\/p>\n<h4 style=\"text-align: center;\">Apoyo a la sociedad civil\u200b<\/h4>\n<p>[\/et_pb_text][et_pb_text _builder_version=\u00bb3.27.4&#8243;]<\/p>\n<p>Proporcionar asesoramiento estrat\u00e9gico a las redes de la sociedad civil en los cuatro pa\u00edses prioritarios.<br \/>Acompa\u00f1ar a los socios estrat\u00e9gicos en la educaci\u00f3n de pol\u00edticas y el trabajo de incidencia.<br \/>Aumentar el apoyo de Estados Unidos a organizaciones de la sociedad civil independientes, como periodistas y organizaciones que monitorean, eval\u00faan y se involucran en la supervisi\u00f3n del gobierno.<\/p>\n<p>[\/et_pb_text][\/et_pb_column][\/et_pb_row][\/et_pb_section][et_pb_section fb_built=\u00bb1&#8243; disabled_on=\u00bbon|on|on\u00bb _builder_version=\u00bb3.22.3&#8243; disabled=\u00bbon\u00bb][et_pb_row _builder_version=\u00bb3.25&#8243;][et_pb_column type=\u00bb4_4&#8243; _builder_version=\u00bb3.25&#8243; custom_padding=\u00bb|||\u00bb custom_padding__hover=\u00bb|||\u00bb][et_pb_text module_class=\u00bbhdashes\u00bb _builder_version=\u00bb3.27.4&#8243;]<\/p>\n<h2 style=\"text-align: center;\">\nSocios estrat\u00e9gicos<\/h2>\n<p>[\/et_pb_text][\/et_pb_column][\/et_pb_row][et_pb_row _builder_version=\u00bb3.25&#8243; custom_padding=\u00bb||0px\u00bb][et_pb_column type=\u00bb4_4&#8243; _builder_version=\u00bb3.25&#8243; custom_padding=\u00bb|||\u00bb custom_padding__hover=\u00bb|||\u00bb][et_pb_text _builder_version=\u00bb3.27.4&#8243;]<\/p>\n<h4 style=\"text-align: center;\">Sociedad Civil<\/h4>\n<p>[\/et_pb_text][\/et_pb_column][\/et_pb_row][et_pb_row column_structure=\u00bb1_4,1_4,1_4,1_4&#8243; _builder_version=\u00bb3.25&#8243; custom_padding=\u00bb0px||\u00bb][et_pb_column type=\u00bb1_4&#8243; _builder_version=\u00bb3.25&#8243; custom_padding=\u00bb|||\u00bb custom_padding__hover=\u00bb|||\u00bb][et_pb_image src=\u00bbhttps:\/\/seaif.org\/wp-content\/uploads\/2019\/04\/starbucks.jpg\u00bb align=\u00bbcenter\u00bb align_tablet=\u00bbcenter\u00bb align_phone=\u00bb\u00bb align_last_edited=\u00bbon|desktop\u00bb _builder_version=\u00bb3.23&#8243;][\/et_pb_image][\/et_pb_column][et_pb_column type=\u00bb1_4&#8243; _builder_version=\u00bb3.25&#8243; custom_padding=\u00bb|||\u00bb custom_padding__hover=\u00bb|||\u00bb][et_pb_image src=\u00bbhttps:\/\/seaif.org\/wp-content\/uploads\/2019\/04\/starbucks.jpg\u00bb align=\u00bbcenter\u00bb align_tablet=\u00bbcenter\u00bb align_phone=\u00bb\u00bb align_last_edited=\u00bbon|desktop\u00bb _builder_version=\u00bb3.23&#8243;][\/et_pb_image][\/et_pb_column][et_pb_column type=\u00bb1_4&#8243; _builder_version=\u00bb3.25&#8243; custom_padding=\u00bb|||\u00bb custom_padding__hover=\u00bb|||\u00bb][et_pb_image src=\u00bbhttps:\/\/seaif.org\/wp-content\/uploads\/2019\/04\/starbucks.jpg\u00bb align=\u00bbcenter\u00bb align_tablet=\u00bbcenter\u00bb align_phone=\u00bb\u00bb align_last_edited=\u00bbon|desktop\u00bb _builder_version=\u00bb3.23&#8243;][\/et_pb_image][\/et_pb_column][et_pb_column type=\u00bb1_4&#8243; _builder_version=\u00bb3.25&#8243; custom_padding=\u00bb|||\u00bb custom_padding__hover=\u00bb|||\u00bb][et_pb_image src=\u00bbhttps:\/\/seaif.org\/wp-content\/uploads\/2019\/04\/starbucks.jpg\u00bb align=\u00bbcenter\u00bb align_tablet=\u00bbcenter\u00bb align_phone=\u00bb\u00bb align_last_edited=\u00bbon|desktop\u00bb _builder_version=\u00bb3.23&#8243;][\/et_pb_image][\/et_pb_column][\/et_pb_row][et_pb_row _builder_version=\u00bb3.25&#8243; custom_padding=\u00bb||0px\u00bb][et_pb_column type=\u00bb4_4&#8243; _builder_version=\u00bb3.25&#8243; custom_padding=\u00bb|||\u00bb custom_padding__hover=\u00bb|||\u00bb][et_pb_text _builder_version=\u00bb3.27.4&#8243;]<\/p>\n<h4 style=\"text-align: center;\">Think Tanks<\/h4>\n<p>[\/et_pb_text][\/et_pb_column][\/et_pb_row][et_pb_row column_structure=\u00bb1_4,1_4,1_4,1_4&#8243; _builder_version=\u00bb3.25&#8243; custom_padding=\u00bb0px||\u00bb][et_pb_column type=\u00bb1_4&#8243; _builder_version=\u00bb3.25&#8243; custom_padding=\u00bb|||\u00bb custom_padding__hover=\u00bb|||\u00bb][et_pb_image src=\u00bbhttps:\/\/seaif.org\/wp-content\/uploads\/2019\/04\/starbucks.jpg\u00bb align=\u00bbcenter\u00bb align_tablet=\u00bbcenter\u00bb align_phone=\u00bb\u00bb align_last_edited=\u00bbon|desktop\u00bb _builder_version=\u00bb3.23&#8243;][\/et_pb_image][\/et_pb_column][et_pb_column type=\u00bb1_4&#8243; _builder_version=\u00bb3.25&#8243; custom_padding=\u00bb|||\u00bb custom_padding__hover=\u00bb|||\u00bb][et_pb_image src=\u00bbhttps:\/\/seaif.org\/wp-content\/uploads\/2019\/04\/starbucks.jpg\u00bb align=\u00bbcenter\u00bb align_tablet=\u00bbcenter\u00bb align_phone=\u00bb\u00bb align_last_edited=\u00bbon|desktop\u00bb _builder_version=\u00bb3.23&#8243;][\/et_pb_image][\/et_pb_column][et_pb_column type=\u00bb1_4&#8243; _builder_version=\u00bb3.25&#8243; custom_padding=\u00bb|||\u00bb custom_padding__hover=\u00bb|||\u00bb][et_pb_image src=\u00bbhttps:\/\/seaif.org\/wp-content\/uploads\/2019\/04\/starbucks.jpg\u00bb align=\u00bbcenter\u00bb align_tablet=\u00bbcenter\u00bb align_phone=\u00bb\u00bb align_last_edited=\u00bbon|desktop\u00bb _builder_version=\u00bb3.23&#8243;][\/et_pb_image][\/et_pb_column][et_pb_column type=\u00bb1_4&#8243; _builder_version=\u00bb3.25&#8243; custom_padding=\u00bb|||\u00bb custom_padding__hover=\u00bb|||\u00bb][et_pb_image src=\u00bbhttps:\/\/seaif.org\/wp-content\/uploads\/2019\/04\/starbucks.jpg\u00bb align=\u00bbcenter\u00bb align_tablet=\u00bbcenter\u00bb align_phone=\u00bb\u00bb align_last_edited=\u00bbon|desktop\u00bb _builder_version=\u00bb3.23&#8243;][\/et_pb_image][\/et_pb_column][\/et_pb_row][et_pb_row _builder_version=\u00bb3.25&#8243; custom_padding=\u00bb||0px\u00bb][et_pb_column type=\u00bb4_4&#8243; _builder_version=\u00bb3.25&#8243; custom_padding=\u00bb|||\u00bb custom_padding__hover=\u00bb|||\u00bb][et_pb_text _builder_version=\u00bb3.27.4&#8243;]<\/p>\n<h4 style=\"text-align: center;\">\nDemocracia y elecciones<\/h4>\n<p>[\/et_pb_text][\/et_pb_column][\/et_pb_row][et_pb_row column_structure=\u00bb1_4,1_4,1_4,1_4&#8243; _builder_version=\u00bb3.25&#8243; custom_padding=\u00bb0px||\u00bb][et_pb_column type=\u00bb1_4&#8243; _builder_version=\u00bb3.25&#8243; custom_padding=\u00bb|||\u00bb custom_padding__hover=\u00bb|||\u00bb][et_pb_image src=\u00bbhttps:\/\/seaif.org\/wp-content\/uploads\/2019\/04\/starbucks.jpg\u00bb align=\u00bbcenter\u00bb align_tablet=\u00bbcenter\u00bb align_phone=\u00bb\u00bb align_last_edited=\u00bbon|desktop\u00bb _builder_version=\u00bb3.23&#8243;][\/et_pb_image][\/et_pb_column][et_pb_column type=\u00bb1_4&#8243; _builder_version=\u00bb3.25&#8243; custom_padding=\u00bb|||\u00bb custom_padding__hover=\u00bb|||\u00bb][et_pb_image src=\u00bbhttps:\/\/seaif.org\/wp-content\/uploads\/2019\/04\/starbucks.jpg\u00bb align=\u00bbcenter\u00bb align_tablet=\u00bbcenter\u00bb align_phone=\u00bb\u00bb align_last_edited=\u00bbon|desktop\u00bb _builder_version=\u00bb3.23&#8243;][\/et_pb_image][\/et_pb_column][et_pb_column type=\u00bb1_4&#8243; _builder_version=\u00bb3.25&#8243; custom_padding=\u00bb|||\u00bb custom_padding__hover=\u00bb|||\u00bb][et_pb_image src=\u00bbhttps:\/\/seaif.org\/wp-content\/uploads\/2019\/04\/starbucks.jpg\u00bb align=\u00bbcenter\u00bb align_tablet=\u00bbcenter\u00bb align_phone=\u00bb\u00bb align_last_edited=\u00bbon|desktop\u00bb _builder_version=\u00bb3.23&#8243;][\/et_pb_image][\/et_pb_column][et_pb_column type=\u00bb1_4&#8243; _builder_version=\u00bb3.25&#8243; custom_padding=\u00bb|||\u00bb custom_padding__hover=\u00bb|||\u00bb][et_pb_image src=\u00bbhttps:\/\/seaif.org\/wp-content\/uploads\/2019\/04\/starbucks.jpg\u00bb align=\u00bbcenter\u00bb align_tablet=\u00bbcenter\u00bb align_phone=\u00bb\u00bb align_last_edited=\u00bbon|desktop\u00bb _builder_version=\u00bb3.23&#8243;][\/et_pb_image][\/et_pb_column][\/et_pb_row][\/et_pb_section][et_pb_section fb_built=\u00bb1&#8243; module_class=\u00bbpublications-announcements actividades-aif \u00bb _builder_version=\u00bb4.8.1&#8243; custom_padding=\u00bb||27px|||\u00bb locked=\u00bboff\u00bb][et_pb_row make_equal=\u00bbon\u00bb _builder_version=\u00bb4.8.1&#8243; width=\u00bb90%\u00bb max_width=\u00bb100%\u00bb][et_pb_column type=\u00bb4_4&#8243; _builder_version=\u00bb4.6.5&#8243;][et_pb_text module_class=\u00bbhdashes\u00bb _builder_version=\u00bb4.8.1&#8243; _module_preset=\u00bbdefault\u00bb custom_margin=\u00bb||||false|false\u00bb hover_enabled=\u00bb0&#8243; sticky_enabled=\u00bb0&#8243;]<\/p>\n<h3 style=\"text-align: center;\"><span style=\"text-decoration: underline;\">Publicaciones<\/span><\/h3>\n<p>[\/et_pb_text][et_pb_blog posts_number=\u00bb1&#8243; include_categories=\u00bb546&#8243; show_categories=\u00bboff\u00bb _builder_version=\u00bb4.8.1&#8243; _module_preset=\u00bbdefault\u00bb hover_enabled=\u00bb0&#8243; sticky_enabled=\u00bb0&#8243;][\/et_pb_blog][\/et_pb_column][\/et_pb_row][\/et_pb_section]<\/p>","protected":false},"excerpt":{"rendered":"<p>Centroam\u00e9rica en Washington, DC (CA en DC) es una iniciativa creada en 2018 para promover los problemas prioritarios de SIF [&hellip;]<\/p>\n","protected":false},"author":7,"featured_media":0,"parent":2898,"menu_order":0,"comment_status":"closed","ping_status":"closed","template":"","meta":{"_et_pb_use_builder":"on","_et_pb_old_content":"","_et_gb_content_width":"","jetpack_post_was_ever_published":false,"footnotes":""},"coauthors":[588],"class_list":["post-2919","page","type-page","status-publish","hentry"],"yoast_head":"<!-- This site is optimized with the Yoast SEO plugin v27.1.1 - https:\/\/yoast.com\/product\/yoast-seo-wordpress\/ -->\n<title>CA en DC - Seattle International Foundation<\/title>\n<meta name=\"robots\" content=\"index, follow, max-snippet:-1, max-image-preview:large, max-video-preview:-1\" \/>\n<link rel=\"canonical\" href=\"https:\/\/seaif.org\/es\/programas\/ca-en-dc\/\" \/>\n<meta property=\"og:locale\" content=\"es_ES\" \/>\n<meta property=\"og:type\" content=\"article\" \/>\n<meta property=\"og:title\" content=\"CA en DC - Seattle International Foundation\" \/>\n<meta property=\"og:description\" content=\"Centroam\u00e9rica en Washington, DC (CA en DC) es una iniciativa creada en 2018 para promover los problemas prioritarios de SIF [&hellip;]\" \/>\n<meta property=\"og:url\" content=\"https:\/\/seaif.org\/es\/programas\/ca-en-dc\/\" \/>\n<meta property=\"og:site_name\" content=\"Seattle International Foundation\" \/>\n<meta property=\"article:modified_time\" content=\"2021-03-05T17:05:55+00:00\" \/>\n<meta name=\"twitter:card\" content=\"summary_large_image\" \/>\n<meta name=\"twitter:label1\" content=\"Tiempo de lectura\" \/>\n\t<meta name=\"twitter:data1\" content=\"10 minutos\" \/>\n\t<meta name=\"twitter:label2\" content=\"Written by\" \/>\n\t<meta name=\"twitter:data2\" content=\"SIF\" \/>\n<script type=\"application\/ld+json\" class=\"yoast-schema-graph\">{\"@context\":\"https:\/\/schema.org\",\"@graph\":[{\"@type\":\"WebPage\",\"@id\":\"https:\/\/seaif.org\/es\/programas\/ca-en-dc\/\",\"url\":\"https:\/\/seaif.org\/es\/programas\/ca-en-dc\/\",\"name\":\"CA en DC - Seattle International Foundation\",\"isPartOf\":{\"@id\":\"https:\/\/seaif.org\/es\/#website\"},\"datePublished\":\"2019-06-06T14:39:07+00:00\",\"dateModified\":\"2021-03-05T17:05:55+00:00\",\"breadcrumb\":{\"@id\":\"https:\/\/seaif.org\/es\/programas\/ca-en-dc\/#breadcrumb\"},\"inLanguage\":\"es\",\"potentialAction\":[{\"@type\":\"ReadAction\",\"target\":[\"https:\/\/seaif.org\/es\/programas\/ca-en-dc\/\"]}]},{\"@type\":\"BreadcrumbList\",\"@id\":\"https:\/\/seaif.org\/es\/programas\/ca-en-dc\/#breadcrumb\",\"itemListElement\":[{\"@type\":\"ListItem\",\"position\":1,\"name\":\"Home\",\"item\":\"https:\/\/seaif.org\/es\/\"},{\"@type\":\"ListItem\",\"position\":2,\"name\":\"Programas\",\"item\":\"https:\/\/seaif.org\/es\/programas\/\"},{\"@type\":\"ListItem\",\"position\":3,\"name\":\"CA en DC\"}]},{\"@type\":\"WebSite\",\"@id\":\"https:\/\/seaif.org\/es\/#website\",\"url\":\"https:\/\/seaif.org\/es\/\",\"name\":\"Seattle International Foundation\",\"description\":\"Central America\",\"potentialAction\":[{\"@type\":\"SearchAction\",\"target\":{\"@type\":\"EntryPoint\",\"urlTemplate\":\"https:\/\/seaif.org\/es\/?s={search_term_string}\"},\"query-input\":{\"@type\":\"PropertyValueSpecification\",\"valueRequired\":true,\"valueName\":\"search_term_string\"}}],\"inLanguage\":\"es\"}]}<\/script>\n<!-- \/ Yoast SEO plugin. -->","yoast_head_json":{"title":"CA en DC - Seattle International Foundation","robots":{"index":"index","follow":"follow","max-snippet":"max-snippet:-1","max-image-preview":"max-image-preview:large","max-video-preview":"max-video-preview:-1"},"canonical":"https:\/\/seaif.org\/es\/programas\/ca-en-dc\/","og_locale":"es_ES","og_type":"article","og_title":"CA en DC - Seattle International Foundation","og_description":"Centroam\u00e9rica en Washington, DC (CA en DC) es una iniciativa creada en 2018 para promover los problemas prioritarios de SIF [&hellip;]","og_url":"https:\/\/seaif.org\/es\/programas\/ca-en-dc\/","og_site_name":"Seattle International Foundation","article_modified_time":"2021-03-05T17:05:55+00:00","twitter_card":"summary_large_image","twitter_misc":{"Tiempo de lectura":"10 minutos","Written by":"SIF"},"schema":{"@context":"https:\/\/schema.org","@graph":[{"@type":"WebPage","@id":"https:\/\/seaif.org\/es\/programas\/ca-en-dc\/","url":"https:\/\/seaif.org\/es\/programas\/ca-en-dc\/","name":"CA en DC - Seattle International Foundation","isPartOf":{"@id":"https:\/\/seaif.org\/es\/#website"},"datePublished":"2019-06-06T14:39:07+00:00","dateModified":"2021-03-05T17:05:55+00:00","breadcrumb":{"@id":"https:\/\/seaif.org\/es\/programas\/ca-en-dc\/#breadcrumb"},"inLanguage":"es","potentialAction":[{"@type":"ReadAction","target":["https:\/\/seaif.org\/es\/programas\/ca-en-dc\/"]}]},{"@type":"BreadcrumbList","@id":"https:\/\/seaif.org\/es\/programas\/ca-en-dc\/#breadcrumb","itemListElement":[{"@type":"ListItem","position":1,"name":"Home","item":"https:\/\/seaif.org\/es\/"},{"@type":"ListItem","position":2,"name":"Programas","item":"https:\/\/seaif.org\/es\/programas\/"},{"@type":"ListItem","position":3,"name":"CA en DC"}]},{"@type":"WebSite","@id":"https:\/\/seaif.org\/es\/#website","url":"https:\/\/seaif.org\/es\/","name":"Seattle International Foundation","description":"Central America","potentialAction":[{"@type":"SearchAction","target":{"@type":"EntryPoint","urlTemplate":"https:\/\/seaif.org\/es\/?s={search_term_string}"},"query-input":{"@type":"PropertyValueSpecification","valueRequired":true,"valueName":"search_term_string"}}],"inLanguage":"es"}]}},"jetpack_sharing_enabled":true,"jetpack_shortlink":"https:\/\/wp.me\/PaRiWG-L5","_links":{"self":[{"href":"https:\/\/seaif.org\/es\/wp-json\/wp\/v2\/pages\/2919","targetHints":{"allow":["GET"]}}],"collection":[{"href":"https:\/\/seaif.org\/es\/wp-json\/wp\/v2\/pages"}],"about":[{"href":"https:\/\/seaif.org\/es\/wp-json\/wp\/v2\/types\/page"}],"author":[{"embeddable":true,"href":"https:\/\/seaif.org\/es\/wp-json\/wp\/v2\/users\/7"}],"replies":[{"embeddable":true,"href":"https:\/\/seaif.org\/es\/wp-json\/wp\/v2\/comments?post=2919"}],"version-history":[{"count":0,"href":"https:\/\/seaif.org\/es\/wp-json\/wp\/v2\/pages\/2919\/revisions"}],"up":[{"embeddable":true,"href":"https:\/\/seaif.org\/es\/wp-json\/wp\/v2\/pages\/2898"}],"wp:attachment":[{"href":"https:\/\/seaif.org\/es\/wp-json\/wp\/v2\/media?parent=2919"}],"wp:term":[{"taxonomy":"author","embeddable":true,"href":"https:\/\/seaif.org\/es\/wp-json\/wp\/v2\/coauthors?post=2919"}],"curies":[{"name":"wp","href":"https:\/\/api.w.org\/{rel}","templated":true}]}}